{"id":168,"date":"2022-06-10T11:49:01","date_gmt":"2022-06-10T09:49:01","guid":{"rendered":"https:\/\/okkamenice.cz\/opozary\/?page_id=168"},"modified":"2022-06-13T14:32:49","modified_gmt":"2022-06-13T12:32:49","slug":"parametry-trati","status":"publish","type":"page","link":"https:\/\/okkamenice.cz\/opozary\/parametry-trati\/","title":{"rendered":"P\u0159edb\u011b\u017en\u00e9 parametry trat\u00ed"},"content":{"rendered":"\n<figure class=\"wp-block-table is-style-regular\">\n<table class=\"w-full\"><tr><td><\/td><td colspan=2 style=\"text-align: center;\">E1 &#8211; kr\u00e1tk\u00e1 tra\u0165\t<\/td><td colspan=2 style=\"text-align: center;\">E2 &#8211; klasick\u00e1 tra\u0165<\/td><td colspan=2 style=\"text-align: center;\">E3 &#8211; zkr\u00e1cen\u00e1 tra\u0165<\/td><\/tr>\n<tr><td style=\"text-align: center;\">\t\t<\/td><td style=\"text-align: center;\">\td\u00e9lka [km]\t<\/td><td style=\"text-align: center;\">\tpo\u010det kontrol\t<\/td><td style=\"text-align: center;\">\td\u00e9lka [km]\t<\/td><td style=\"text-align: center;\">\tpo\u010det kontrol\t<\/td><td style=\"text-align: center;\">\td\u00e9lka [km]\t<\/td><td style=\"text-align: center;\">\tpo\u010det kontrol\t<\/td><\/tr>\n<tr><td style=\"text-align: center;\">\tD10\t<\/td><td style=\"text-align: center;\">\t1,8\t<\/td><td style=\"text-align: center;\">\t7\t<\/td><td style=\"text-align: center;\">\t2,0\t<\/td><td style=\"text-align: center;\">\t7\t<\/td><td style=\"text-align: center;\">\t1,9\t<\/td><td style=\"text-align: center;\">\t9\t<\/td><\/tr>\n<tr><td style=\"text-align: center;\">\tD12\t<\/td><td style=\"text-align: center;\">\t2,0\t<\/td><td style=\"text-align: center;\">\t10\t<\/td><td style=\"text-align: center;\">\t2,1\t<\/td><td style=\"text-align: center;\">\t8\t<\/td><td style=\"text-align: center;\">\t2,6\t<\/td><td style=\"text-align: center;\">\t13\t<\/td><\/tr>\n<tr><td style=\"text-align: center;\">\tD14\t<\/td><td style=\"text-align: center;\">\t2,9\t<\/td><td style=\"text-align: center;\">\t15\t<\/td><td style=\"text-align: center;\">\t3,6\t<\/td><td style=\"text-align: center;\">\t7\t<\/td><td style=\"text-align: center;\">\t3,3\t<\/td><td style=\"text-align: center;\">\t14\t<\/td><\/tr>\n<tr><td style=\"text-align: center;\">\tD16\t<\/td><td style=\"text-align: center;\">\t3,3\t<\/td><td style=\"text-align: center;\">\t16\t<\/td><td style=\"text-align: center;\">\t4,3\t<\/td><td style=\"text-align: center;\">\t9\t<\/td><td style=\"text-align: center;\">\t4,2\t<\/td><td style=\"text-align: center;\">\t17\t<\/td><\/tr>\n<tr><td style=\"text-align: center;\">\tD18\t<\/td><td style=\"text-align: center;\">\t3,5\t<\/td><td style=\"text-align: center;\">\t17\t<\/td><td style=\"text-align: center;\">\t6,3\t<\/td><td style=\"text-align: center;\">\t8\t<\/td><td style=\"text-align: center;\">\t5,0\t<\/td><td style=\"text-align: center;\">\t20\t<\/td><\/tr>\n<tr><td style=\"text-align: center;\">\tD21A\t<\/td><td style=\"text-align: center;\">\t3,9\t<\/td><td style=\"text-align: center;\">\t21\t<\/td><td style=\"text-align: center;\">\t7,1\t<\/td><td style=\"text-align: center;\">\t10\t<\/td><td style=\"text-align: center;\">\t6,3\t<\/td><td style=\"text-align: center;\">\t22\t<\/td><\/tr>\n<tr><td style=\"text-align: center;\">\tD21B\t<\/td><td style=\"text-align: center;\">\t3,5\t<\/td><td style=\"text-align: center;\">\t19\t<\/td><td style=\"text-align: center;\">\t6,3\t<\/td><td style=\"text-align: center;\">\t7\t<\/td><td style=\"text-align: center;\">\t4,0\t<\/td><td style=\"text-align: center;\">\t15\t<\/td><\/tr>\n<tr><td style=\"text-align: center;\">\tD35A\t<\/td><td style=\"text-align: center;\">\t3,5\t<\/td><td style=\"text-align: center;\">\t19\t<\/td><td style=\"text-align: center;\">\t5,7\t<\/td><td style=\"text-align: center;\">\t8\t<\/td><td style=\"text-align: center;\">\t5,0\t<\/td><td style=\"text-align: center;\">\t19\t<\/td><\/tr>\n<tr><td style=\"text-align: center;\">\tD35B\t<\/td><td style=\"text-align: center;\">\t3,3\t<\/td><td style=\"text-align: center;\">\t17\t<\/td><td style=\"text-align: center;\">\t5,3\t<\/td><td style=\"text-align: center;\">\t7\t<\/td><td style=\"text-align: center;\">\t3,9\t<\/td><td style=\"text-align: center;\">\t15\t<\/td><\/tr>\n<tr><td style=\"text-align: center;\">\tD45A\t<\/td><td style=\"text-align: center;\">\t3,1\t<\/td><td style=\"text-align: center;\">\t17\t<\/td><td style=\"text-align: center;\">\t5,3\t<\/td><td style=\"text-align: center;\">\t7\t<\/td><td style=\"text-align: center;\">\t4,2\t<\/td><td style=\"text-align: center;\">\t17\t<\/td><\/tr>\n<tr><td style=\"text-align: center;\">\tD45B\t<\/td><td style=\"text-align: center;\">\t2,9\t<\/td><td style=\"text-align: center;\">\t15\t<\/td><td style=\"text-align: center;\">\t4,7\t<\/td><td style=\"text-align: center;\">\t10\t<\/td><td style=\"text-align: center;\">\t3,3\t<\/td><td style=\"text-align: center;\">\t14\t<\/td><\/tr>\n<tr><td style=\"text-align: center;\">\tD55A\t<\/td><td style=\"text-align: center;\">\t2,6\t<\/td><td style=\"text-align: center;\">\t14\t<\/td><td style=\"text-align: center;\">\t4,0\t<\/td><td style=\"text-align: center;\">\t9\t<\/td><td style=\"text-align: center;\">\t3,2\t<\/td><td style=\"text-align: center;\">\t11\t<\/td><\/tr>\n<tr><td style=\"text-align: center;\">\tD55B\t<\/td><td style=\"text-align: center;\">\t2,2\t<\/td><td style=\"text-align: center;\">\t12\t<\/td><td style=\"text-align: center;\">\t3,4\t<\/td><td style=\"text-align: center;\">\t7\t<\/td><td style=\"text-align: center;\">\t2,3\t<\/td><td style=\"text-align: center;\">\t12\t<\/td><\/tr>\n<tr><td style=\"text-align: center;\">\tD65\t<\/td><td style=\"text-align: center;\">\t2,1\t<\/td><td style=\"text-align: center;\">\t11\t<\/td><td style=\"text-align: center;\">\t3,2\t<\/td><td style=\"text-align: center;\">\t7\t<\/td><td style=\"text-align: center;\">\t2,7\t<\/td><td style=\"text-align: center;\">\t13\t<\/td><\/tr>\n<tr><td style=\"text-align: center;\">\tH10\t<\/td><td style=\"text-align: center;\">\t1,9\t<\/td><td style=\"text-align: center;\">\t9\t<\/td><td style=\"text-align: center;\">\t2,0\t<\/td><td style=\"text-align: center;\">\t7\t<\/td><td style=\"text-align: center;\">\t1,9\t<\/td><td style=\"text-align: center;\">\t10\t<\/td><\/tr>\n<tr><td style=\"text-align: center;\">\tH12\t<\/td><td style=\"text-align: center;\">\t2,3\t<\/td><td style=\"text-align: center;\">\t13\t<\/td><td style=\"text-align: center;\">\t2,1\t<\/td><td style=\"text-align: center;\">\t7\t<\/td><td style=\"text-align: center;\">\t2,8\t<\/td><td style=\"text-align: center;\">\t13\t<\/td><\/tr>\n<tr><td style=\"text-align: center;\">\tH14\t<\/td><td style=\"text-align: center;\">\t3,3\t<\/td><td style=\"text-align: center;\">\t18\t<\/td><td style=\"text-align: center;\">\t4,6\t<\/td><td style=\"text-align: center;\">\t9\t<\/td><td style=\"text-align: center;\">\t4,2\t<\/td><td style=\"text-align: center;\">\t15\t<\/td><\/tr>\n<tr><td style=\"text-align: center;\">\tH16\t<\/td><td style=\"text-align: center;\">\t3,6\t<\/td><td style=\"text-align: center;\">\t21\t<\/td><td style=\"text-align: center;\">\t6,3\t<\/td><td style=\"text-align: center;\">\t7\t<\/td><td style=\"text-align: center;\">\t5,7\t<\/td><td style=\"text-align: center;\">\t20\t<\/td><\/tr>\n<tr><td style=\"text-align: center;\">\tH18\t<\/td><td style=\"text-align: center;\">\t4,2\t<\/td><td style=\"text-align: center;\">\t24\t<\/td><td style=\"text-align: center;\">\t7,1\t<\/td><td style=\"text-align: center;\">\t10\t<\/td><td style=\"text-align: center;\">\t6,5\t<\/td><td style=\"text-align: center;\">\t19\t<\/td><\/tr>\n<tr><td style=\"text-align: center;\">\tH21A\t<\/td><td style=\"text-align: center;\">\t4,7\t<\/td><td style=\"text-align: center;\">\t26\t<\/td><td style=\"text-align: center;\">\t9,7\t<\/td><td style=\"text-align: center;\">\t14\t<\/td><td style=\"text-align: center;\">\t8,6\t<\/td><td style=\"text-align: center;\">\t25\t<\/td><\/tr>\n<tr><td style=\"text-align: center;\">\tH21B\t<\/td><td style=\"text-align: center;\">\t4,3\t<\/td><td style=\"text-align: center;\">\t26\t<\/td><td style=\"text-align: center;\">\t8,4\t<\/td><td style=\"text-align: center;\">\t13\t<\/td><td style=\"text-align: center;\">\t5,0\t<\/td><td style=\"text-align: center;\">\t18\t<\/td><\/tr>\n<tr><td style=\"text-align: center;\">\tH35A\t<\/td><td style=\"text-align: center;\">\t4,0\t<\/td><td style=\"text-align: center;\">\t21\t<\/td><td style=\"text-align: center;\">\t8,1\t<\/td><td style=\"text-align: center;\">\t10\t<\/td><td style=\"text-align: center;\">\t6,5\t<\/td><td style=\"text-align: center;\">\t17\t<\/td><\/tr>\n<tr><td style=\"text-align: center;\">\tH35B\t<\/td><td style=\"text-align: center;\">\t4,0\t<\/td><td style=\"text-align: center;\">\t19\t<\/td><td style=\"text-align: center;\">\t7,1\t<\/td><td style=\"text-align: center;\">\t10\t<\/td><td style=\"text-align: center;\">\t4,2\t<\/td><td style=\"text-align: center;\">\t14\t<\/td><\/tr>\n<tr><td style=\"text-align: center;\">\tH45A\t<\/td><td style=\"text-align: center;\">\t3,7\t<\/td><td style=\"text-align: center;\">\t20\t<\/td><td style=\"text-align: center;\">\t6,9\t<\/td><td style=\"text-align: center;\">\t11\t<\/td><td style=\"text-align: center;\">\t5,6\t<\/td><td style=\"text-align: center;\">\t15\t<\/td><\/tr>\n<tr><td style=\"text-align: center;\">\tH45B\t<\/td><td style=\"text-align: center;\">\t3,3\t<\/td><td style=\"text-align: center;\">\t17\t<\/td><td style=\"text-align: center;\">\t6,5\t<\/td><td style=\"text-align: center;\">\t11\t<\/td><td style=\"text-align: center;\">\t3,9\t<\/td><td style=\"text-align: center;\">\t11\t<\/td><\/tr>\n<tr><td style=\"text-align: center;\">\tH55A\t<\/td><td style=\"text-align: center;\">\t3,2\t<\/td><td style=\"text-align: center;\">\t18\t<\/td><td style=\"text-align: center;\">\t6,3\t<\/td><td style=\"text-align: center;\">\t7\t<\/td><td style=\"text-align: center;\">\t4,7\t<\/td><td style=\"text-align: center;\">\t15\t<\/td><\/tr>\n<tr><td style=\"text-align: center;\">\tH55B\t<\/td><td style=\"text-align: center;\">\t2,4\t<\/td><td style=\"text-align: center;\">\t13\t<\/td><td style=\"text-align: center;\">\t5,3\t<\/td><td style=\"text-align: center;\">\t7\t<\/td><td style=\"text-align: center;\">\t3,4\t<\/td><td style=\"text-align: center;\">\t13\t<\/td><\/tr>\n<tr><td style=\"text-align: center;\">\tH65A\t<\/td><td style=\"text-align: center;\">\t2,6\t<\/td><td style=\"text-align: center;\">\t15\t<\/td><td style=\"text-align: center;\">\t4,7\t<\/td><td style=\"text-align: center;\">\t10\t<\/td><td style=\"text-align: center;\">\t3,9\t<\/td><td style=\"text-align: center;\">\t14\t<\/td><\/tr>\n<tr><td style=\"text-align: center;\">\tH65B\t<\/td><td style=\"text-align: center;\">\t2,4\t<\/td><td style=\"text-align: center;\">\t12\t<\/td><td style=\"text-align: center;\">\t4,0\t<\/td><td style=\"text-align: center;\">\t9\t<\/td><td style=\"text-align: center;\">\t2,8\t<\/td><td style=\"text-align: center;\">\t12\t<\/td><\/tr>\n<tr><td style=\"text-align: center;\">\tH75\t<\/td><td style=\"text-align: center;\">\t2,3\t<\/td><td style=\"text-align: center;\">\t10\t<\/td><td style=\"text-align: center;\">\t3,2\t<\/td><td style=\"text-align: center;\">\t7\t<\/td><td style=\"text-align: center;\">\t2,9\t<\/td><td style=\"text-align: center;\">\t13\t<\/td><\/tr>\n<tr><td style=\"text-align: center;\">\tHDR\t<\/td><td style=\"text-align: center;\">\t2,5\t<\/td><td style=\"text-align: center;\">\t7\t<\/td><td style=\"text-align: center;\">\t2,7\t<\/td><td style=\"text-align: center;\">\t7\t<\/td><td style=\"text-align: center;\">\t2,9\t<\/td><td style=\"text-align: center;\">\t7\t<\/td><\/tr>\n<tr><td style=\"text-align: center;\">\tHD10F\t<\/td><td style=\"text-align: center;\">\t2,5\t<\/td><td style=\"text-align: center;\">\t7\t<\/td><td style=\"text-align: center;\">\t2,7\t<\/td><td style=\"text-align: center;\">\t7\t<\/td><td style=\"text-align: center;\">\t2,9\t<\/td><td style=\"text-align: center;\">\t7\t<\/td><\/tr>\n<tr><td style=\"text-align: center;\">\tTF\t<\/td><td style=\"text-align: center;\">\t2,5\t<\/td><td style=\"text-align: center;\">\t7\t<\/td><td style=\"text-align: center;\">\t2,7\t<\/td><td style=\"text-align: center;\">\t7\t<\/td><td style=\"text-align: center;\">\t2,9\t<\/td><td style=\"text-align: center;\">\t7\t<\/td><\/tr>\n<tr><td style=\"text-align: center;\">\tT-FIT\t<\/td><td style=\"text-align: center;\">\t2,7\t<\/td><td style=\"text-align: center;\">\t10\t<\/td><td style=\"text-align: center;\">\t5,4\t<\/td><td style=\"text-align: center;\">\t12\t<\/td><td style=\"text-align: center;\">\t3,2\t<\/td><td style=\"text-align: center;\">\t10\t<\/td><\/tr><\/table><\/figure>\n","protected":false},"excerpt":{"rendered":"<p>E1 &#8211; kr\u00e1tk\u00e1 tra\u0165 E2 &#8211; klasick\u00e1 tra\u0165 E3 &#8211; zkr\u00e1cen\u00e1 tra\u0165 d\u00e9lka [km] po\u010det kontrol d\u00e9lka [km] po\u010det kontrol d\u00e9lka [km] po\u010det kontrol D10 1,8 7 2,0 7 1,9 9 D12 2,0 10 2,1 8 2,6 13 D14 2,9 15 3,6 7 3,3 14 D16 3,3 16 4,3 9 4,2 17 D18 3,5 17 [&hellip;]<\/p>\n","protected":false},"author":3,"featured_media":0,"parent":0,"menu_order":0,"comment_status":"closed","ping_status":"closed","template":"","meta":{"pgc_sgb_lightbox_settings":"","footnotes":""},"class_list":["post-168","page","type-page","status-publish","hentry"],"_links":{"self":[{"href":"https:\/\/okkamenice.cz\/opozary\/wp-json\/wp\/v2\/pages\/168","targetHints":{"allow":["GET"]}}],"collection":[{"href":"https:\/\/okkamenice.cz\/opozary\/wp-json\/wp\/v2\/pages"}],"about":[{"href":"https:\/\/okkamenice.cz\/opozary\/wp-json\/wp\/v2\/types\/page"}],"author":[{"embeddable":true,"href":"https:\/\/okkamenice.cz\/opozary\/wp-json\/wp\/v2\/users\/3"}],"replies":[{"embeddable":true,"href":"https:\/\/okkamenice.cz\/opozary\/wp-json\/wp\/v2\/comments?post=168"}],"version-history":[{"count":31,"href":"https:\/\/okkamenice.cz\/opozary\/wp-json\/wp\/v2\/pages\/168\/revisions"}],"predecessor-version":[{"id":212,"href":"https:\/\/okkamenice.cz\/opozary\/wp-json\/wp\/v2\/pages\/168\/revisions\/212"}],"wp:attachment":[{"href":"https:\/\/okkamenice.cz\/opozary\/wp-json\/wp\/v2\/media?parent=168"}],"curies":[{"name":"wp","href":"https:\/\/api.w.org\/{rel}","templated":true}]}}